{"id":18,"date":"2014-09-20T19:07:48","date_gmt":"2014-09-20T18:07:48","guid":{"rendered":"http:\/\/studiob53.cz\/?page_id=18"},"modified":"2019-11-25T23:39:16","modified_gmt":"2019-11-25T22:39:16","slug":"kontakt","status":"publish","type":"page","link":"https:\/\/studiob53.cz\/?page_id=18","title":{"rendered":"Kontakt"},"content":{"rendered":"\n<div class=\"wp-block-group\"><div class=\"wp-block-group__inner-container is-layout-flow wp-block-group-is-layout-flow\">\n<div class=\"wp-block-group\"><div class=\"wp-block-group__inner-container is-layout-flow wp-block-group-is-layout-flow\">\n<address style=\"text-align: center;\"><strong>Studio B53<\/strong><\/address><address style=\"text-align: center;\">B\u011blehradsk\u00e1 53<\/address><address style=\"text-align: center;\">Praha 2<\/address><address style=\"text-align: center;\">120 00<\/address>\n<p style=\"text-align: center;\">Vadim Kramer<br \/>tel: +420 603 708 805<br \/><br \/>Michal Ure\u0161<br \/>tel: +420 773 919 652<\/p>\n<\/div><\/div>\n<\/div><\/div>\n\n\n\n<p><\/p>\n","protected":false},"excerpt":{"rendered":"<p>Studio B53 B\u011blehradsk\u00e1 53 Praha 2 120 00 Vadim Kramertel: +420 603 708 805 Michal Ure\u0161tel:&hellip;<\/p>\n","protected":false},"author":1,"featured_media":0,"parent":0,"menu_order":0,"comment_status":"closed","ping_status":"closed","template":"","meta":{"footnotes":""},"class_list":["post-18","page","type-page","status-publish","hentry"],"_links":{"self":[{"href":"https:\/\/studiob53.cz\/index.php?rest_route=\/wp\/v2\/pages\/18","targetHints":{"allow":["GET"]}}],"collection":[{"href":"https:\/\/studiob53.cz\/index.php?rest_route=\/wp\/v2\/pages"}],"about":[{"href":"https:\/\/studiob53.cz\/index.php?rest_route=\/wp\/v2\/types\/page"}],"author":[{"embeddable":true,"href":"https:\/\/studiob53.cz\/index.php?rest_route=\/wp\/v2\/users\/1"}],"replies":[{"embeddable":true,"href":"https:\/\/studiob53.cz\/index.php?rest_route=%2Fwp%2Fv2%2Fcomments&post=18"}],"version-history":[{"count":39,"href":"https:\/\/studiob53.cz\/index.php?rest_route=\/wp\/v2\/pages\/18\/revisions"}],"predecessor-version":[{"id":618,"href":"https:\/\/studiob53.cz\/index.php?rest_route=\/wp\/v2\/pages\/18\/revisions\/618"}],"wp:attachment":[{"href":"https:\/\/studiob53.cz\/index.php?rest_route=%2Fwp%2Fv2%2Fmedia&parent=18"}],"curies":[{"name":"wp","href":"https:\/\/api.w.org\/{rel}","templated":true}]}}